{"id":1168,"date":"2026-01-26T10:38:38","date_gmt":"2026-01-26T15:38:38","guid":{"rendered":"https:\/\/colombiarelocate.com\/?page_id=1168"},"modified":"2026-02-23T11:16:05","modified_gmt":"2026-02-23T16:16:05","slug":"why-colombia","status":"publish","type":"page","link":"https:\/\/colombiarelocate.com\/es\/why-colombia\/","title":{"rendered":"\u00bfPor qu\u00e9 Colombia?"},"content":{"rendered":"<div data-elementor-type=\"wp-page\" data-elementor-id=\"1168\" class=\"elementor elementor-1168\" data-elementor-post-type=\"page\">\n\t\t\t\t<div data-particle_enable=\"false\" data-particle-mobile-disabled=\"false\" class=\"elementor-element elementor-element-aa9c7f8 e-con-full e-flex e-con e-parent\" data-id=\"aa9c7f8\" data-element_type=\"container\">\n\t\t<div data-particle_enable=\"false\" data-particle-mobile-disabled=\"false\" class=\"elementor-element elementor-element-cc057ce e-flex e-con-boxed e-con e-child\" data-id=\"cc057ce\" data-element_type=\"container\" data-settings=\"{&quot;background_background&quot;:&quot;classic&quot;}\">\n\t\t\t\t\t<div class=\"e-con-inner\">\n\t\t\t\t<div class=\"elementor-element elementor-element-8a7f37e elementor-widget elementor-widget-heading\" data-id=\"8a7f37e\" data-element_type=\"widget\" data-widget_type=\"heading.default\">\n\t\t\t\t<div class=\"elementor-widget-container\">\n\t\t\t\t\t<h1 class=\"elementor-heading-title elementor-size-default\">\u00bfPor qu\u00e9 mudarse a Colombia?<\/h1>\t\t\t\t<\/div>\n\t\t\t\t<\/div>\n\t\t\t\t<div class=\"elementor-element elementor-element-8c65a97 elementor-align-center elementor-widget elementor-widget-button\" data-id=\"8c65a97\" data-element_type=\"widget\" data-widget_type=\"button.default\">\n\t\t\t\t<div class=\"elementor-widget-container\">\n\t\t\t\t\t\t\t\t\t<div class=\"elementor-button-wrapper\">\n\t\t\t\t\t<a class=\"elementor-button elementor-button-link elementor-size-sm\" href=\"#start\">\n\t\t\t\t\t\t<span class=\"elementor-button-content-wrapper\">\n\t\t\t\t\t\t\t\t\t<span class=\"elementor-button-text\">Empezar a buscar<\/span>\n\t\t\t\t\t<\/span>\n\t\t\t\t\t<\/a>\n\t\t\t\t<\/div>\n\t\t\t\t\t\t\t\t<\/div>\n\t\t\t\t<\/div>\n\t\t\t\t\t<\/div>\n\t\t\t\t<\/div>\n\t\t\t\t<\/div>\n\t\t<div data-particle_enable=\"false\" data-particle-mobile-disabled=\"false\" class=\"elementor-element elementor-element-e7c1ae7 e-con-full e-flex e-con e-parent\" data-id=\"e7c1ae7\" data-element_type=\"container\" id=\"start\">\n\t\t<div data-particle_enable=\"false\" data-particle-mobile-disabled=\"false\" class=\"elementor-element elementor-element-837e947 e-flex e-con-boxed e-con e-child\" data-id=\"837e947\" data-element_type=\"container\" data-settings=\"{&quot;background_background&quot;:&quot;classic&quot;}\">\n\t\t\t\t\t<div class=\"e-con-inner\">\n\t\t<div data-particle_enable=\"false\" data-particle-mobile-disabled=\"false\" class=\"elementor-element elementor-element-1dc670f e-con-full e-flex e-con e-child\" data-id=\"1dc670f\" data-element_type=\"container\">\n\t\t\t\t<div class=\"elementor-element elementor-element-1439d10 elementor-widget elementor-widget-image\" data-id=\"1439d10\" data-element_type=\"widget\" data-widget_type=\"image.default\">\n\t\t\t\t<div class=\"elementor-widget-container\">\n\t\t\t\t\t\t\t\t\t\t\t\t\t\t\t<img fetchpriority=\"high\" decoding=\"async\" width=\"1024\" height=\"576\" src=\"https:\/\/colombiarelocate.com\/wp-content\/uploads\/2026\/01\/7-1024x576.png\" class=\"attachment-large size-large wp-image-1331\" alt=\"\" srcset=\"https:\/\/colombiarelocate.com\/wp-content\/uploads\/2026\/01\/7-1024x576.png 1024w, https:\/\/colombiarelocate.com\/wp-content\/uploads\/2026\/01\/7-300x169.png 300w, https:\/\/colombiarelocate.com\/wp-content\/uploads\/2026\/01\/7-768x432.png 768w, https:\/\/colombiarelocate.com\/wp-content\/uploads\/2026\/01\/7.png 1366w\" sizes=\"(max-width: 1024px) 100vw, 1024px\" \/>\t\t\t\t\t\t\t\t\t\t\t\t\t\t\t<\/div>\n\t\t\t\t<\/div>\n\t\t\t\t<\/div>\n\t\t<div data-particle_enable=\"false\" data-particle-mobile-disabled=\"false\" class=\"elementor-element elementor-element-7783f7d e-con-full e-flex e-con e-child\" data-id=\"7783f7d\" data-element_type=\"container\">\n\t\t\t\t<div class=\"elementor-element elementor-element-4fd2cc7 elementor-widget-divider--view-line elementor-widget elementor-widget-divider\" data-id=\"4fd2cc7\" data-element_type=\"widget\" data-widget_type=\"divider.default\">\n\t\t\t\t<div class=\"elementor-widget-container\">\n\t\t\t\t\t\t\t<div class=\"elementor-divider\">\n\t\t\t<span class=\"elementor-divider-separator\">\n\t\t\t\t\t\t<\/span>\n\t\t<\/div>\n\t\t\t\t\t\t<\/div>\n\t\t\t\t<\/div>\n\t\t\t\t<div class=\"elementor-element elementor-element-0b4a02c elementor-widget elementor-widget-heading\" data-id=\"0b4a02c\" data-element_type=\"widget\" data-widget_type=\"heading.default\">\n\t\t\t\t<div class=\"elementor-widget-container\">\n\t\t\t\t\t<p class=\"elementor-heading-title elementor-size-default\">Colombia es un pa\u00eds moderno y din\u00e1mico que ofrece a expatriados, familias y jubilados una calidad de vida excepcional, infraestructura confiable y comunidades acogedoras. Grandes ciudades como Bogot\u00e1, Medell\u00edn, Cali y Cartagena ofrecen excelente atenci\u00f3n m\u00e9dica, barrios residenciales seguros, escuelas internacionales y una creciente presencia de expatriados.\n\n<\/p>\t\t\t\t<\/div>\n\t\t\t\t<\/div>\n\t\t\t\t<div class=\"elementor-element elementor-element-e3cd93f elementor-widget elementor-widget-button\" data-id=\"e3cd93f\" data-element_type=\"widget\" data-widget_type=\"button.default\">\n\t\t\t\t<div class=\"elementor-widget-container\">\n\t\t\t\t\t\t\t\t\t<div class=\"elementor-button-wrapper\">\n\t\t\t\t\t<a class=\"elementor-button elementor-button-link elementor-size-sm\" href=\"https:\/\/colombiarelocate.com\/es\/contact\/\">\n\t\t\t\t\t\t<span class=\"elementor-button-content-wrapper\">\n\t\t\t\t\t\t\t\t\t<span class=\"elementor-button-text\">Contacto<\/span>\n\t\t\t\t\t<\/span>\n\t\t\t\t\t<\/a>\n\t\t\t\t<\/div>\n\t\t\t\t\t\t\t\t<\/div>\n\t\t\t\t<\/div>\n\t\t\t\t<\/div>\n\t\t\t\t\t<\/div>\n\t\t\t\t<\/div>\n\t\t\t\t<\/div>\n\t\t<div data-particle_enable=\"false\" data-particle-mobile-disabled=\"false\" class=\"elementor-element elementor-element-06e2eac e-con-full e-flex e-con e-parent\" data-id=\"06e2eac\" data-element_type=\"container\">\n\t\t<div data-particle_enable=\"false\" data-particle-mobile-disabled=\"false\" class=\"elementor-element elementor-element-ec705cf e-flex e-con-boxed e-con e-child\" data-id=\"ec705cf\" data-element_type=\"container\" data-settings=\"{&quot;background_background&quot;:&quot;classic&quot;}\">\n\t\t\t\t\t<div class=\"e-con-inner\">\n\t\t<div data-particle_enable=\"false\" data-particle-mobile-disabled=\"false\" class=\"elementor-element elementor-element-795fb03 e-con-full e-flex e-con e-child\" data-id=\"795fb03\" data-element_type=\"container\">\n\t\t\t\t<div class=\"elementor-element elementor-element-2f925d5 elementor-widget-divider--view-line elementor-widget elementor-widget-divider\" data-id=\"2f925d5\" data-element_type=\"widget\" data-widget_type=\"divider.default\">\n\t\t\t\t<div class=\"elementor-widget-container\">\n\t\t\t\t\t\t\t<div class=\"elementor-divider\">\n\t\t\t<span class=\"elementor-divider-separator\">\n\t\t\t\t\t\t<\/span>\n\t\t<\/div>\n\t\t\t\t\t\t<\/div>\n\t\t\t\t<\/div>\n\t\t\t\t<div class=\"elementor-element elementor-element-871dd9a elementor-widget elementor-widget-heading\" data-id=\"871dd9a\" data-element_type=\"widget\" data-widget_type=\"heading.default\">\n\t\t\t\t<div class=\"elementor-widget-container\">\n\t\t\t\t\t<p class=\"elementor-heading-title elementor-size-default\">En las \u00faltimas dos d\u00e9cadas, Colombia ha logrado avances significativos en seguridad, estabilidad y desarrollo urbano, lo que la convierte en una opci\u00f3n segura e informada para la reubicaci\u00f3n internacional. Con orientaci\u00f3n local profesional, mudarse a Colombia es f\u00e1cil, seguro y sin preocupaciones.<\/p>\t\t\t\t<\/div>\n\t\t\t\t<\/div>\n\t\t\t\t<div class=\"elementor-element elementor-element-6c2de1b elementor-widget elementor-widget-button\" data-id=\"6c2de1b\" data-element_type=\"widget\" data-widget_type=\"button.default\">\n\t\t\t\t<div class=\"elementor-widget-container\">\n\t\t\t\t\t\t\t\t\t<div class=\"elementor-button-wrapper\">\n\t\t\t\t\t<a class=\"elementor-button elementor-button-link elementor-size-sm\" href=\"https:\/\/colombiarelocate.com\/es\/contact\/\">\n\t\t\t\t\t\t<span class=\"elementor-button-content-wrapper\">\n\t\t\t\t\t\t\t\t\t<span class=\"elementor-button-text\">Contacto<\/span>\n\t\t\t\t\t<\/span>\n\t\t\t\t\t<\/a>\n\t\t\t\t<\/div>\n\t\t\t\t\t\t\t\t<\/div>\n\t\t\t\t<\/div>\n\t\t\t\t<\/div>\n\t\t<div data-particle_enable=\"false\" data-particle-mobile-disabled=\"false\" class=\"elementor-element elementor-element-bff216d e-con-full e-flex e-con e-child\" data-id=\"bff216d\" data-element_type=\"container\">\n\t\t\t\t<div class=\"elementor-element elementor-element-9d7f5d6 elementor-widget elementor-widget-image\" data-id=\"9d7f5d6\" data-element_type=\"widget\" data-widget_type=\"image.default\">\n\t\t\t\t<div class=\"elementor-widget-container\">\n\t\t\t\t\t\t\t\t\t\t\t\t\t\t\t<img decoding=\"async\" width=\"300\" height=\"300\" data-src=\"https:\/\/colombiarelocate.com\/wp-content\/uploads\/2026\/01\/about-300x300.jpg\" class=\"attachment-medium size-medium wp-image-1212 lazyload\" alt=\"\" data-srcset=\"https:\/\/colombiarelocate.com\/wp-content\/uploads\/2026\/01\/about-300x300.jpg 300w, https:\/\/colombiarelocate.com\/wp-content\/uploads\/2026\/01\/about-150x150.jpg 150w, https:\/\/colombiarelocate.com\/wp-content\/uploads\/2026\/01\/about.jpg 480w\" data-sizes=\"(max-width: 300px) 100vw, 300px\" src=\"data:image\/svg+xml;base64,PHN2ZyB3aWR0aD0iMSIgaGVpZ2h0PSIxIiB4bWxucz0iaHR0cDovL3d3dy53My5vcmcvMjAwMC9zdmciPjwvc3ZnPg==\" style=\"--smush-placeholder-width: 300px; --smush-placeholder-aspect-ratio: 300\/300;\" \/>\t\t\t\t\t\t\t\t\t\t\t\t\t\t\t<\/div>\n\t\t\t\t<\/div>\n\t\t\t\t<\/div>\n\t\t\t\t\t<\/div>\n\t\t\t\t<\/div>\n\t\t\t\t<\/div>\n\t\t\t\t<\/div>","protected":false},"excerpt":{"rendered":"<p>Why Relocate to Colombia? Start searching Colombia is a modern, dynamic country offering expatriates, families, and retirees an exceptional quality of life, reliable infrastructure, and welcoming communities. Major cities such as Bogot\u00e1, Medell\u00edn, Cali, and Cartagena provide excellent healthcare, secure residential neighborhoods, international schools, and a growing expat presence. Contact Over the past two decades, [&hellip;]<\/p>","protected":false},"author":2,"featured_media":0,"parent":0,"menu_order":0,"comment_status":"closed","ping_status":"closed","template":"","meta":{"site-sidebar-layout":"no-sidebar","site-content-layout":"page-builder","ast-site-content-layout":"full-width-container","site-content-style":"unboxed","site-sidebar-style":"unboxed","ast-global-header-display":"","ast-banner-title-visibility":"disabled","ast-main-header-display":"","ast-hfb-above-header-display":"","ast-hfb-below-header-display":"","ast-hfb-mobile-header-display":"","site-post-title":"","ast-breadcrumbs-content":"","ast-featured-img":"disabled","footer-sml-layout":"","theme-transparent-header-meta":"enabled","adv-header-id-meta":"","stick-header-meta":"","header-above-stick-meta":"","header-main-stick-meta":"","header-below-stick-meta":"","astra-migrate-meta-layouts":"set","ast-page-background-enabled":"default","ast-page-background-meta":{"desktop":{"background-color":"var(--ast-global-color-4)","background-image":"","background-repeat":"repeat","background-position":"center center","background-size":"auto","background-attachment":"scroll","background-type":"","background-media":"","overlay-type":"","overlay-color":"","overlay-opacity":"","overlay-gradient":""},"tablet":{"background-color":"","background-image":"","background-repeat":"repeat","background-position":"center center","background-size":"auto","background-attachment":"scroll","background-type":"","background-media":"","overlay-type":"","overlay-color":"","overlay-opacity":"","overlay-gradient":""},"mobile":{"background-color":"","background-image":"","background-repeat":"repeat","background-position":"center center","background-size":"auto","background-attachment":"scroll","background-type":"","background-media":"","overlay-type":"","overlay-color":"","overlay-opacity":"","overlay-gradient":""}},"ast-content-background-meta":{"desktop":{"background-color":"var(--ast-global-color-5)","background-image":"","background-repeat":"repeat","background-position":"center center","background-size":"auto","background-attachment":"scroll","background-type":"","background-media":"","overlay-type":"","overlay-color":"","overlay-opacity":"","overlay-gradient":""},"tablet":{"background-color":"var(--ast-global-color-5)","background-image":"","background-repeat":"repeat","background-position":"center center","background-size":"auto","background-attachment":"scroll","background-type":"","background-media":"","overlay-type":"","overlay-color":"","overlay-opacity":"","overlay-gradient":""},"mobile":{"background-color":"var(--ast-global-color-5)","background-image":"","background-repeat":"repeat","background-position":"center center","background-size":"auto","background-attachment":"scroll","background-type":"","background-media":"","overlay-type":"","overlay-color":"","overlay-opacity":"","overlay-gradient":""}},"_joinchat":[],"footnotes":""},"class_list":["post-1168","page","type-page","status-publish","hentry"],"_links":{"self":[{"href":"https:\/\/colombiarelocate.com\/es\/wp-json\/wp\/v2\/pages\/1168","targetHints":{"allow":["GET"]}}],"collection":[{"href":"https:\/\/colombiarelocate.com\/es\/wp-json\/wp\/v2\/pages"}],"about":[{"href":"https:\/\/colombiarelocate.com\/es\/wp-json\/wp\/v2\/types\/page"}],"author":[{"embeddable":true,"href":"https:\/\/colombiarelocate.com\/es\/wp-json\/wp\/v2\/users\/2"}],"replies":[{"embeddable":true,"href":"https:\/\/colombiarelocate.com\/es\/wp-json\/wp\/v2\/comments?post=1168"}],"version-history":[{"count":16,"href":"https:\/\/colombiarelocate.com\/es\/wp-json\/wp\/v2\/pages\/1168\/revisions"}],"predecessor-version":[{"id":1697,"href":"https:\/\/colombiarelocate.com\/es\/wp-json\/wp\/v2\/pages\/1168\/revisions\/1697"}],"wp:attachment":[{"href":"https:\/\/colombiarelocate.com\/es\/wp-json\/wp\/v2\/media?parent=1168"}],"curies":[{"name":"wp","href":"https:\/\/api.w.org\/{rel}","templated":true}]}}