{"id":1149,"date":"2026-01-26T10:07:42","date_gmt":"2026-01-26T15:07:42","guid":{"rendered":"https:\/\/colombiarelocate.com\/about\/"},"modified":"2026-02-23T11:18:48","modified_gmt":"2026-02-23T16:18:48","slug":"about-us-2","status":"publish","type":"page","link":"https:\/\/colombiarelocate.com\/es\/about-us-2\/","title":{"rendered":"Sobre nosotros"},"content":{"rendered":"<div data-elementor-type=\"wp-page\" data-elementor-id=\"1149\" class=\"elementor elementor-1149\" data-elementor-post-type=\"page\">\n\t\t\t\t<div data-particle_enable=\"false\" data-particle-mobile-disabled=\"false\" class=\"elementor-element elementor-element-53f9dad e-con-full e-flex e-con e-parent\" data-id=\"53f9dad\" data-element_type=\"container\">\n\t\t<div data-particle_enable=\"false\" data-particle-mobile-disabled=\"false\" class=\"elementor-element elementor-element-b615b44 e-flex e-con-boxed e-con e-child\" data-id=\"b615b44\" data-element_type=\"container\" data-settings=\"{&quot;background_background&quot;:&quot;classic&quot;}\">\n\t\t\t\t\t<div class=\"e-con-inner\">\n\t\t\t\t<div class=\"elementor-element elementor-element-5a1b32d elementor-widget elementor-widget-heading\" data-id=\"5a1b32d\" data-element_type=\"widget\" data-widget_type=\"heading.default\">\n\t\t\t\t<div class=\"elementor-widget-container\">\n\t\t\t\t\t<h1 class=\"elementor-heading-title elementor-size-default\">Sobre nosotros<\/h1>\t\t\t\t<\/div>\n\t\t\t\t<\/div>\n\t\t\t\t\t<\/div>\n\t\t\t\t<\/div>\n\t\t\t\t<\/div>\n\t\t<div data-particle_enable=\"false\" data-particle-mobile-disabled=\"false\" class=\"elementor-element elementor-element-c4349cc e-con-full e-flex e-con e-parent\" data-id=\"c4349cc\" data-element_type=\"container\">\n\t\t<div data-particle_enable=\"false\" data-particle-mobile-disabled=\"false\" class=\"elementor-element elementor-element-e323b55 e-flex e-con-boxed e-con e-child\" data-id=\"e323b55\" data-element_type=\"container\" data-settings=\"{&quot;background_background&quot;:&quot;classic&quot;}\">\n\t\t\t\t\t<div class=\"e-con-inner\">\n\t\t<div data-particle_enable=\"false\" data-particle-mobile-disabled=\"false\" class=\"elementor-element elementor-element-06f06c4 e-con-full e-flex e-con e-child\" data-id=\"06f06c4\" data-element_type=\"container\">\n\t\t\t\t<div class=\"elementor-element elementor-element-4e8f4f5 elementor-widget elementor-widget-image\" data-id=\"4e8f4f5\" data-element_type=\"widget\" data-widget_type=\"image.default\">\n\t\t\t\t<div class=\"elementor-widget-container\">\n\t\t\t\t\t\t\t\t\t\t\t\t\t\t\t<img fetchpriority=\"high\" decoding=\"async\" width=\"1024\" height=\"576\" src=\"https:\/\/colombiarelocate.com\/wp-content\/uploads\/2026\/01\/9-1024x576.png\" class=\"attachment-large size-large wp-image-1333\" alt=\"\" srcset=\"https:\/\/colombiarelocate.com\/wp-content\/uploads\/2026\/01\/9-1024x576.png 1024w, https:\/\/colombiarelocate.com\/wp-content\/uploads\/2026\/01\/9-300x169.png 300w, https:\/\/colombiarelocate.com\/wp-content\/uploads\/2026\/01\/9-768x432.png 768w, https:\/\/colombiarelocate.com\/wp-content\/uploads\/2026\/01\/9.png 1366w\" sizes=\"(max-width: 1024px) 100vw, 1024px\" \/>\t\t\t\t\t\t\t\t\t\t\t\t\t\t\t<\/div>\n\t\t\t\t<\/div>\n\t\t\t\t<\/div>\n\t\t<div data-particle_enable=\"false\" data-particle-mobile-disabled=\"false\" class=\"elementor-element elementor-element-697b924 e-con-full e-flex e-con e-child\" data-id=\"697b924\" data-element_type=\"container\">\n\t\t\t\t<div class=\"elementor-element elementor-element-177facf elementor-widget elementor-widget-heading\" data-id=\"177facf\" data-element_type=\"widget\" data-widget_type=\"heading.default\">\n\t\t\t\t<div class=\"elementor-widget-container\">\n\t\t\t\t\t<h5 class=\"elementor-heading-title elementor-size-default\">Somos una empresa boutique de reubicaci\u00f3n con sede en Colombia, dedicada a ayudar a los extranjeros a reubicarse con confianza y facilidad.<\/h5>\t\t\t\t<\/div>\n\t\t\t\t<\/div>\n\t\t\t\t<div class=\"elementor-element elementor-element-06d929c elementor-widget elementor-widget-heading\" data-id=\"06d929c\" data-element_type=\"widget\" data-widget_type=\"heading.default\">\n\t\t\t\t<div class=\"elementor-widget-container\">\n\t\t\t\t\t<p class=\"elementor-heading-title elementor-size-default\">Nuestro equipo biling\u00fce combina un profundo conocimiento local con est\u00e1ndares internacionales, guiando a familias, jubilados, n\u00f3madas digitales y expatriados en cada etapa del proceso de reubicaci\u00f3n. Desde inmigraci\u00f3n y vivienda hasta educaci\u00f3n, atenci\u00f3n m\u00e9dica y vida cotidiana, ofrecemos apoyo atento y personalizado.<\/p>\t\t\t\t<\/div>\n\t\t\t\t<\/div>\n\t\t\t\t<\/div>\n\t\t\t\t\t<\/div>\n\t\t\t\t<\/div>\n\t\t\t\t<\/div>\n\t\t<div data-particle_enable=\"false\" data-particle-mobile-disabled=\"false\" class=\"elementor-element elementor-element-db8577f e-con-full e-flex e-con e-parent\" data-id=\"db8577f\" data-element_type=\"container\">\n\t\t<div data-particle_enable=\"false\" data-particle-mobile-disabled=\"false\" class=\"elementor-element elementor-element-8b3e695 e-flex e-con-boxed e-con e-child\" data-id=\"8b3e695\" data-element_type=\"container\" data-settings=\"{&quot;background_background&quot;:&quot;classic&quot;}\">\n\t\t\t\t\t<div class=\"e-con-inner\">\n\t\t<div data-particle_enable=\"false\" data-particle-mobile-disabled=\"false\" class=\"elementor-element elementor-element-08fd33f e-con-full e-flex e-con e-child\" data-id=\"08fd33f\" data-element_type=\"container\">\n\t\t\t\t<div class=\"elementor-element elementor-element-1bbfca9 elementor-widget-divider--view-line elementor-widget elementor-widget-divider\" data-id=\"1bbfca9\" data-element_type=\"widget\" data-widget_type=\"divider.default\">\n\t\t\t\t<div class=\"elementor-widget-container\">\n\t\t\t\t\t\t\t<div class=\"elementor-divider\">\n\t\t\t<span class=\"elementor-divider-separator\">\n\t\t\t\t\t\t<\/span>\n\t\t<\/div>\n\t\t\t\t\t\t<\/div>\n\t\t\t\t<\/div>\n\t\t\t\t<div class=\"elementor-element elementor-element-804fab8 elementor-widget elementor-widget-heading\" data-id=\"804fab8\" data-element_type=\"widget\" data-widget_type=\"heading.default\">\n\t\t\t\t<div class=\"elementor-widget-container\">\n\t\t\t\t\t<h5 class=\"elementor-heading-title elementor-size-default\">Con un enfoque selectivo hacia el cliente, socios locales confiables y una comunicaci\u00f3n clara en ingl\u00e9s y espa\u00f1ol, hacemos que mudarse a Colombia sea sencillo, seguro y verdaderamente acogedor.<\/h5>\t\t\t\t<\/div>\n\t\t\t\t<\/div>\n\t\t\t\t<\/div>\n\t\t<div data-particle_enable=\"false\" data-particle-mobile-disabled=\"false\" class=\"elementor-element elementor-element-5504520 e-con-full e-flex e-con e-child\" data-id=\"5504520\" data-element_type=\"container\">\n\t\t\t\t<div class=\"elementor-element elementor-element-43db060 elementor-widget elementor-widget-image\" data-id=\"43db060\" data-element_type=\"widget\" data-widget_type=\"image.default\">\n\t\t\t\t<div class=\"elementor-widget-container\">\n\t\t\t\t\t\t\t\t\t\t\t\t\t\t\t<img decoding=\"async\" width=\"346\" height=\"98\" data-src=\"https:\/\/colombiarelocate.com\/wp-content\/uploads\/2026\/01\/cropped-LOGO_COLOMBIARELOCATE-removebg-preview-150x42.png\" class=\"attachment-large size-large wp-image-1155 lazyload\" alt=\"\" data-srcset=\"https:\/\/colombiarelocate.com\/wp-content\/uploads\/2026\/01\/cropped-LOGO_COLOMBIARELOCATE-removebg-preview.png 346w, https:\/\/colombiarelocate.com\/wp-content\/uploads\/2026\/01\/cropped-LOGO_COLOMBIARELOCATE-removebg-preview-300x85.png 300w, https:\/\/colombiarelocate.com\/wp-content\/uploads\/2026\/01\/cropped-LOGO_COLOMBIARELOCATE-removebg-preview-18x5.png 18w, https:\/\/colombiarelocate.com\/wp-content\/uploads\/2026\/01\/cropped-LOGO_COLOMBIARELOCATE-removebg-preview-150x42.png 150w\" data-sizes=\"(max-width: 346px) 100vw, 346px\" src=\"data:image\/svg+xml;base64,PHN2ZyB3aWR0aD0iMSIgaGVpZ2h0PSIxIiB4bWxucz0iaHR0cDovL3d3dy53My5vcmcvMjAwMC9zdmciPjwvc3ZnPg==\" style=\"--smush-placeholder-width: 346px; --smush-placeholder-aspect-ratio: 346\/98;\" \/>\t\t\t\t\t\t\t\t\t\t\t\t\t\t\t<\/div>\n\t\t\t\t<\/div>\n\t\t\t\t<\/div>\n\t\t\t\t\t<\/div>\n\t\t\t\t<\/div>\n\t\t\t\t<\/div>\n\t\t\t\t<\/div>","protected":false},"excerpt":{"rendered":"<p>About Us We are a boutique relocation company based in Colombia, dedicated to helping foreigners relocate with confidence and ease. Our bilingual team combines deep local knowledge with international standards, guiding families, retirees, digital nomads, and expats through every step of the relocation process. From immigration and housing to schools, healthcare, and daily life, we [&hellip;]<\/p>","protected":false},"author":2,"featured_media":0,"parent":0,"menu_order":0,"comment_status":"closed","ping_status":"closed","template":"","meta":{"site-sidebar-layout":"no-sidebar","site-content-layout":"page-builder","ast-site-content-layout":"full-width-container","site-content-style":"unboxed","site-sidebar-style":"unboxed","ast-global-header-display":"","ast-banner-title-visibility":"disabled","ast-main-header-display":"","ast-hfb-above-header-display":"","ast-hfb-below-header-display":"","ast-hfb-mobile-header-display":"","site-post-title":"disabled","ast-breadcrumbs-content":"","ast-featured-img":"disabled","footer-sml-layout":"","theme-transparent-header-meta":"enabled","adv-header-id-meta":"","stick-header-meta":"","header-above-stick-meta":"","header-main-stick-meta":"","header-below-stick-meta":"","astra-migrate-meta-layouts":"set","ast-page-background-enabled":"default","ast-page-background-meta":{"desktop":{"background-color":"var(--ast-global-color-4)","background-image":"","background-repeat":"repeat","background-position":"center center","background-size":"auto","background-attachment":"scroll","background-type":"","background-media":"","overlay-type":"","overlay-color":"","overlay-opacity":"","overlay-gradient":""},"tablet":{"background-color":"","background-image":"","background-repeat":"repeat","background-position":"center center","background-size":"auto","background-attachment":"scroll","background-type":"","background-media":"","overlay-type":"","overlay-color":"","overlay-opacity":"","overlay-gradient":""},"mobile":{"background-color":"","background-image":"","background-repeat":"repeat","background-position":"center center","background-size":"auto","background-attachment":"scroll","background-type":"","background-media":"","overlay-type":"","overlay-color":"","overlay-opacity":"","overlay-gradient":""}},"ast-content-background-meta":{"desktop":{"background-color":"var(--ast-global-color-5)","background-image":"","background-repeat":"repeat","background-position":"center center","background-size":"auto","background-attachment":"scroll","background-type":"","background-media":"","overlay-type":"","overlay-color":"","overlay-opacity":"","overlay-gradient":""},"tablet":{"background-color":"var(--ast-global-color-5)","background-image":"","background-repeat":"repeat","background-position":"center center","background-size":"auto","background-attachment":"scroll","background-type":"","background-media":"","overlay-type":"","overlay-color":"","overlay-opacity":"","overlay-gradient":""},"mobile":{"background-color":"var(--ast-global-color-5)","background-image":"","background-repeat":"repeat","background-position":"center center","background-size":"auto","background-attachment":"scroll","background-type":"","background-media":"","overlay-type":"","overlay-color":"","overlay-opacity":"","overlay-gradient":""}},"_joinchat":[],"footnotes":""},"class_list":["post-1149","page","type-page","status-publish","hentry"],"_links":{"self":[{"href":"https:\/\/colombiarelocate.com\/es\/wp-json\/wp\/v2\/pages\/1149","targetHints":{"allow":["GET"]}}],"collection":[{"href":"https:\/\/colombiarelocate.com\/es\/wp-json\/wp\/v2\/pages"}],"about":[{"href":"https:\/\/colombiarelocate.com\/es\/wp-json\/wp\/v2\/types\/page"}],"author":[{"embeddable":true,"href":"https:\/\/colombiarelocate.com\/es\/wp-json\/wp\/v2\/users\/2"}],"replies":[{"embeddable":true,"href":"https:\/\/colombiarelocate.com\/es\/wp-json\/wp\/v2\/comments?post=1149"}],"version-history":[{"count":37,"href":"https:\/\/colombiarelocate.com\/es\/wp-json\/wp\/v2\/pages\/1149\/revisions"}],"predecessor-version":[{"id":1702,"href":"https:\/\/colombiarelocate.com\/es\/wp-json\/wp\/v2\/pages\/1149\/revisions\/1702"}],"wp:attachment":[{"href":"https:\/\/colombiarelocate.com\/es\/wp-json\/wp\/v2\/media?parent=1149"}],"curies":[{"name":"wp","href":"https:\/\/api.w.org\/{rel}","templated":true}]}}