{"id":1148,"date":"2026-01-26T10:07:42","date_gmt":"2026-01-26T15:07:42","guid":{"rendered":"https:\/\/colombiarelocate.com\/services\/"},"modified":"2026-02-23T11:18:52","modified_gmt":"2026-02-23T16:18:52","slug":"relocation-services","status":"publish","type":"page","link":"https:\/\/colombiarelocate.com\/es\/relocation-services\/","title":{"rendered":"Servicios de reubicaci\u00f3n"},"content":{"rendered":"<div data-elementor-type=\"wp-page\" data-elementor-id=\"1148\" class=\"elementor elementor-1148\" data-elementor-post-type=\"page\">\n\t\t\t\t<div data-particle_enable=\"false\" data-particle-mobile-disabled=\"false\" class=\"elementor-element elementor-element-33bf44c e-con-full e-flex e-con e-parent\" data-id=\"33bf44c\" data-element_type=\"container\">\n\t\t<div data-particle_enable=\"false\" data-particle-mobile-disabled=\"false\" class=\"elementor-element elementor-element-955f6aa e-flex e-con-boxed e-con e-child\" data-id=\"955f6aa\" data-element_type=\"container\" data-settings=\"{&quot;background_background&quot;:&quot;classic&quot;}\">\n\t\t\t\t\t<div class=\"e-con-inner\">\n\t\t\t\t<div class=\"elementor-element elementor-element-74d6a31 elementor-widget elementor-widget-heading\" data-id=\"74d6a31\" data-element_type=\"widget\" data-widget_type=\"heading.default\">\n\t\t\t\t<div class=\"elementor-widget-container\">\n\t\t\t\t\t<h1 class=\"elementor-heading-title elementor-size-default\">Servicios de reubicaci\u00f3n<\/h1>\t\t\t\t<\/div>\n\t\t\t\t<\/div>\n\t\t\t\t\t<\/div>\n\t\t\t\t<\/div>\n\t\t\t\t<\/div>\n\t\t<div data-particle_enable=\"false\" data-particle-mobile-disabled=\"false\" class=\"elementor-element elementor-element-6c5e35c e-flex e-con-boxed e-con e-parent\" data-id=\"6c5e35c\" data-element_type=\"container\">\n\t\t\t\t\t<div class=\"e-con-inner\">\n\t\t<div data-particle_enable=\"false\" data-particle-mobile-disabled=\"false\" class=\"elementor-element elementor-element-b17fd16 e-flex e-con-boxed e-con e-child\" data-id=\"b17fd16\" data-element_type=\"container\">\n\t\t\t\t\t<div class=\"e-con-inner\">\n\t\t<div data-particle_enable=\"false\" data-particle-mobile-disabled=\"false\" class=\"elementor-element elementor-element-c9f4cda e-con-full e-flex e-con e-child\" data-id=\"c9f4cda\" data-element_type=\"container\">\n\t\t<div data-particle_enable=\"false\" data-particle-mobile-disabled=\"false\" class=\"elementor-element elementor-element-321ecea e-con-full e-flex e-con e-child\" data-id=\"321ecea\" data-element_type=\"container\">\n\t\t\t\t<div class=\"elementor-element elementor-element-c8708f3 elementor-widget-divider--view-line elementor-widget elementor-widget-divider\" data-id=\"c8708f3\" data-element_type=\"widget\" data-widget_type=\"divider.default\">\n\t\t\t\t<div class=\"elementor-widget-container\">\n\t\t\t\t\t\t\t<div class=\"elementor-divider\">\n\t\t\t<span class=\"elementor-divider-separator\">\n\t\t\t\t\t\t<\/span>\n\t\t<\/div>\n\t\t\t\t\t\t<\/div>\n\t\t\t\t<\/div>\n\t\t\t\t<div class=\"elementor-element elementor-element-e7125d3 elementor-widget elementor-widget-heading\" data-id=\"e7125d3\" data-element_type=\"widget\" data-widget_type=\"heading.default\">\n\t\t\t\t<div class=\"elementor-widget-container\">\n\t\t\t\t\t<h5 class=\"elementor-heading-title elementor-size-default\">Planificaci\u00f3n de reubicaci\u00f3n personalizada<\/h5>\t\t\t\t<\/div>\n\t\t\t\t<\/div>\n\t\t\t\t<div class=\"elementor-element elementor-element-3483f45 elementor-widget elementor-widget-text-editor\" data-id=\"3483f45\" data-element_type=\"widget\" data-widget_type=\"text-editor.default\">\n\t\t\t\t<div class=\"elementor-widget-container\">\n\t\t\t\t\t\t\t\t\t<ul><li><b><\/b>Consulta privada adaptada a tus objetivos y estilo de vida.<\/li><li>Recomendaciones de ciudades y vecindarios seleccionadas para ti<\/li><li>Cronogramas claros, orientaci\u00f3n y listas de verificaci\u00f3n pr\u00e1cticas<\/li><\/ul>\t\t\t\t\t\t\t\t<\/div>\n\t\t\t\t<\/div>\n\t\t\t\t<\/div>\n\t\t<div data-particle_enable=\"false\" data-particle-mobile-disabled=\"false\" class=\"elementor-element elementor-element-c4c288e e-con-full e-flex e-con e-child\" data-id=\"c4c288e\" data-element_type=\"container\">\n\t\t\t\t<div class=\"elementor-element elementor-element-9920868 elementor-widget-divider--view-line elementor-widget elementor-widget-divider\" data-id=\"9920868\" data-element_type=\"widget\" data-widget_type=\"divider.default\">\n\t\t\t\t<div class=\"elementor-widget-container\">\n\t\t\t\t\t\t\t<div class=\"elementor-divider\">\n\t\t\t<span class=\"elementor-divider-separator\">\n\t\t\t\t\t\t<\/span>\n\t\t<\/div>\n\t\t\t\t\t\t<\/div>\n\t\t\t\t<\/div>\n\t\t\t\t<div class=\"elementor-element elementor-element-63439ed elementor-widget elementor-widget-heading\" data-id=\"63439ed\" data-element_type=\"widget\" data-widget_type=\"heading.default\">\n\t\t\t\t<div class=\"elementor-widget-container\">\n\t\t\t\t\t<h5 class=\"elementor-heading-title elementor-size-default\">Casas unifamiliares suburbanas<\/h5>\t\t\t\t<\/div>\n\t\t\t\t<\/div>\n\t\t\t\t<div class=\"elementor-element elementor-element-6f63e42 elementor-widget elementor-widget-text-editor\" data-id=\"6f63e42\" data-element_type=\"widget\" data-widget_type=\"text-editor.default\">\n\t\t\t\t<div class=\"elementor-widget-container\">\n\t\t\t\t\t\t\t\t\t<ul><li><b><\/b>Orientaci\u00f3n sobre visas dise\u00f1ada seg\u00fan su perfil (familia, jubilado, n\u00f3mada, expatriado)<\/li><li>Acompa\u00f1amiento paso a paso en solicitudes y renovaciones<\/li><li>Registro de c\u00e9dula y asistencia para el cumplimiento local<\/li><\/ul>\t\t\t\t\t\t\t\t<\/div>\n\t\t\t\t<\/div>\n\t\t\t\t<\/div>\n\t\t<div data-particle_enable=\"false\" data-particle-mobile-disabled=\"false\" class=\"elementor-element elementor-element-5492e0b e-con-full e-flex e-con e-child\" data-id=\"5492e0b\" data-element_type=\"container\">\n\t\t\t\t<div class=\"elementor-element elementor-element-dfe137b elementor-widget-divider--view-line elementor-widget elementor-widget-divider\" data-id=\"dfe137b\" data-element_type=\"widget\" data-widget_type=\"divider.default\">\n\t\t\t\t<div class=\"elementor-widget-container\">\n\t\t\t\t\t\t\t<div class=\"elementor-divider\">\n\t\t\t<span class=\"elementor-divider-separator\">\n\t\t\t\t\t\t<\/span>\n\t\t<\/div>\n\t\t\t\t\t\t<\/div>\n\t\t\t\t<\/div>\n\t\t\t\t<div class=\"elementor-element elementor-element-ecf8a6b elementor-widget elementor-widget-heading\" data-id=\"ecf8a6b\" data-element_type=\"widget\" data-widget_type=\"heading.default\">\n\t\t\t\t<div class=\"elementor-widget-container\">\n\t\t\t\t\t<h5 class=\"elementor-heading-title elementor-size-default\">Orientaci\u00f3n para el hogar y el vecindario<\/h5>\t\t\t\t<\/div>\n\t\t\t\t<\/div>\n\t\t\t\t<div class=\"elementor-element elementor-element-bb08669 elementor-widget elementor-widget-text-editor\" data-id=\"bb08669\" data-element_type=\"widget\" data-widget_type=\"text-editor.default\">\n\t\t\t\t<div class=\"elementor-widget-container\">\n\t\t\t\t\t\t\t\t\t<ul><li>\u00a0<b><\/b>Opciones de alquiler o compra seleccionadas<\/li><li>Informaci\u00f3n sobre el vecindario y estilos de vida compatibles<\/li><li>Apoyo en la revisi\u00f3n del contrato de arrendamiento y coordinaci\u00f3n de la mudanza<\/li><\/ul>\t\t\t\t\t\t\t\t<\/div>\n\t\t\t\t<\/div>\n\t\t\t\t<\/div>\n\t\t<div data-particle_enable=\"false\" data-particle-mobile-disabled=\"false\" class=\"elementor-element elementor-element-0b3600f e-con-full e-flex e-con e-child\" data-id=\"0b3600f\" data-element_type=\"container\">\n\t\t\t\t<div class=\"elementor-element elementor-element-4bb0d43 elementor-widget-divider--view-line elementor-widget elementor-widget-divider\" data-id=\"4bb0d43\" data-element_type=\"widget\" data-widget_type=\"divider.default\">\n\t\t\t\t<div class=\"elementor-widget-container\">\n\t\t\t\t\t\t\t<div class=\"elementor-divider\">\n\t\t\t<span class=\"elementor-divider-separator\">\n\t\t\t\t\t\t<\/span>\n\t\t<\/div>\n\t\t\t\t\t\t<\/div>\n\t\t\t\t<\/div>\n\t\t\t\t<div class=\"elementor-element elementor-element-81d2968 elementor-widget elementor-widget-heading\" data-id=\"81d2968\" data-element_type=\"widget\" data-widget_type=\"heading.default\">\n\t\t\t\t<div class=\"elementor-widget-container\">\n\t\t\t\t\t<h5 class=\"elementor-heading-title elementor-size-default\">Llegada y primeras semanas f\u00e1ciles<\/h5>\t\t\t\t<\/div>\n\t\t\t\t<\/div>\n\t\t\t\t<div class=\"elementor-element elementor-element-d07406d elementor-widget elementor-widget-text-editor\" data-id=\"d07406d\" data-element_type=\"widget\" data-widget_type=\"text-editor.default\">\n\t\t\t\t<div class=\"elementor-widget-container\">\n\t\t\t\t\t\t\t\t\t<ul><li><b><\/b>Recogida en el aeropuerto y transporte privado.<\/li><li>Coordinaci\u00f3n de vivienda temporal si es necesario<\/li><li>Visitas de orientaci\u00f3n para que te sientas como en casa m\u00e1s r\u00e1pido<\/li><li>Configuraci\u00f3n de tarjetas SIM, Internet y servicios esenciales<\/li><\/ul>\t\t\t\t\t\t\t\t<\/div>\n\t\t\t\t<\/div>\n\t\t\t\t<\/div>\n\t\t\t\t<\/div>\n\t\t\t\t\t<\/div>\n\t\t\t\t<\/div>\n\t\t\t\t\t<\/div>\n\t\t\t\t<\/div>\n\t\t<div data-particle_enable=\"false\" data-particle-mobile-disabled=\"false\" class=\"elementor-element elementor-element-f3d591c e-flex e-con-boxed e-con e-parent\" data-id=\"f3d591c\" data-element_type=\"container\">\n\t\t\t\t\t<div class=\"e-con-inner\">\n\t\t<div data-particle_enable=\"false\" data-particle-mobile-disabled=\"false\" class=\"elementor-element elementor-element-13efb50 e-flex e-con-boxed e-con e-child\" data-id=\"13efb50\" data-element_type=\"container\">\n\t\t\t\t\t<div class=\"e-con-inner\">\n\t\t<div data-particle_enable=\"false\" data-particle-mobile-disabled=\"false\" class=\"elementor-element elementor-element-12ad4dc e-con-full e-flex e-con e-child\" data-id=\"12ad4dc\" data-element_type=\"container\">\n\t\t<div data-particle_enable=\"false\" data-particle-mobile-disabled=\"false\" class=\"elementor-element elementor-element-1d044a3 e-con-full e-flex e-con e-child\" data-id=\"1d044a3\" data-element_type=\"container\">\n\t\t\t\t<div class=\"elementor-element elementor-element-dcabc29 elementor-widget-divider--view-line elementor-widget elementor-widget-divider\" data-id=\"dcabc29\" data-element_type=\"widget\" data-widget_type=\"divider.default\">\n\t\t\t\t<div class=\"elementor-widget-container\">\n\t\t\t\t\t\t\t<div class=\"elementor-divider\">\n\t\t\t<span class=\"elementor-divider-separator\">\n\t\t\t\t\t\t<\/span>\n\t\t<\/div>\n\t\t\t\t\t\t<\/div>\n\t\t\t\t<\/div>\n\t\t\t\t<div class=\"elementor-element elementor-element-1910a8b elementor-widget elementor-widget-heading\" data-id=\"1910a8b\" data-element_type=\"widget\" data-widget_type=\"heading.default\">\n\t\t\t\t<div class=\"elementor-widget-container\">\n\t\t\t\t\t<h5 class=\"elementor-heading-title elementor-size-default\">Familia, educaci\u00f3n y salud<\/h5>\t\t\t\t<\/div>\n\t\t\t\t<\/div>\n\t\t\t\t<div class=\"elementor-element elementor-element-9f8843b elementor-widget elementor-widget-text-editor\" data-id=\"9f8843b\" data-element_type=\"widget\" data-widget_type=\"text-editor.default\">\n\t\t\t\t<div class=\"elementor-widget-container\">\n\t\t\t\t\t\t\t\t\t<ul><li><b><\/b>Orientaci\u00f3n escolar internacional y biling\u00fce<\/li><li>Apoyo a guarder\u00edas, universidades y escuelas de idiomas<\/li><li>Orientaci\u00f3n sobre el sistema de salud y asistencia en materia de seguros<\/li><li>Presentaciones a cl\u00ednicas y especialistas de confianza<\/li><\/ul>\t\t\t\t\t\t\t\t<\/div>\n\t\t\t\t<\/div>\n\t\t\t\t<\/div>\n\t\t<div data-particle_enable=\"false\" data-particle-mobile-disabled=\"false\" class=\"elementor-element elementor-element-709bbcb e-con-full e-flex e-con e-child\" data-id=\"709bbcb\" data-element_type=\"container\">\n\t\t\t\t<div class=\"elementor-element elementor-element-916f7d8 elementor-widget-divider--view-line elementor-widget elementor-widget-divider\" data-id=\"916f7d8\" data-element_type=\"widget\" data-widget_type=\"divider.default\">\n\t\t\t\t<div class=\"elementor-widget-container\">\n\t\t\t\t\t\t\t<div class=\"elementor-divider\">\n\t\t\t<span class=\"elementor-divider-separator\">\n\t\t\t\t\t\t<\/span>\n\t\t<\/div>\n\t\t\t\t\t\t<\/div>\n\t\t\t\t<\/div>\n\t\t\t\t<div class=\"elementor-element elementor-element-74cbe79 elementor-widget elementor-widget-heading\" data-id=\"74cbe79\" data-element_type=\"widget\" data-widget_type=\"heading.default\">\n\t\t\t\t<div class=\"elementor-widget-container\">\n\t\t\t\t\t<h5 class=\"elementor-heading-title elementor-size-default\">Cultura, comunidad y vida cotidiana<\/h5>\t\t\t\t<\/div>\n\t\t\t\t<\/div>\n\t\t\t\t<div class=\"elementor-element elementor-element-91b6e95 elementor-widget elementor-widget-text-editor\" data-id=\"91b6e95\" data-element_type=\"widget\" data-widget_type=\"text-editor.default\">\n\t\t\t\t<div class=\"elementor-widget-container\">\n\t\t\t\t\t\t\t\t\t<ul><li><b><\/b>Orientaci\u00f3n cultural y consejos pr\u00e1cticos para la vida diaria.<\/li><li>Referencias para programas de idioma espa\u00f1ol<\/li><li>Conexiones con comunidades de expatriados, locales y profesionales<\/li><li>Recomendaciones de estilo de vida para disfrutar Colombia al m\u00e1ximo<\/li><\/ul>\t\t\t\t\t\t\t\t<\/div>\n\t\t\t\t<\/div>\n\t\t\t\t<\/div>\n\t\t<div data-particle_enable=\"false\" data-particle-mobile-disabled=\"false\" class=\"elementor-element elementor-element-c33d34b e-con-full e-flex e-con e-child\" data-id=\"c33d34b\" data-element_type=\"container\">\n\t\t\t\t<div class=\"elementor-element elementor-element-a5f53b1 elementor-widget-divider--view-line elementor-widget elementor-widget-divider\" data-id=\"a5f53b1\" data-element_type=\"widget\" data-widget_type=\"divider.default\">\n\t\t\t\t<div class=\"elementor-widget-container\">\n\t\t\t\t\t\t\t<div class=\"elementor-divider\">\n\t\t\t<span class=\"elementor-divider-separator\">\n\t\t\t\t\t\t<\/span>\n\t\t<\/div>\n\t\t\t\t\t\t<\/div>\n\t\t\t\t<\/div>\n\t\t\t\t<div class=\"elementor-element elementor-element-2601ee8 elementor-widget elementor-widget-heading\" data-id=\"2601ee8\" data-element_type=\"widget\" data-widget_type=\"heading.default\">\n\t\t\t\t<div class=\"elementor-widget-container\">\n\t\t\t\t\t<h5 class=\"elementor-heading-title elementor-size-default\">Mudanzas, Log\u00edstica y Asistencia para Mascotas<\/h5>\t\t\t\t<\/div>\n\t\t\t\t<\/div>\n\t\t\t\t<div class=\"elementor-element elementor-element-185eab4 elementor-widget elementor-widget-text-editor\" data-id=\"185eab4\" data-element_type=\"widget\" data-widget_type=\"text-editor.default\">\n\t\t\t\t<div class=\"elementor-widget-container\">\n\t\t\t\t\t\t\t\t\t<ul><li><b><\/b>Coordinaci\u00f3n de mudanzas internacionales<\/li><li>Orientaci\u00f3n aduanera y supervisi\u00f3n de env\u00edos<\/li><li>Asistencia completa para la reubicaci\u00f3n de mascotas<\/li><\/ul>\t\t\t\t\t\t\t\t<\/div>\n\t\t\t\t<\/div>\n\t\t\t\t<\/div>\n\t\t<div data-particle_enable=\"false\" data-particle-mobile-disabled=\"false\" class=\"elementor-element elementor-element-ee596be e-con-full e-flex e-con e-child\" data-id=\"ee596be\" data-element_type=\"container\">\n\t\t\t\t<div class=\"elementor-element elementor-element-3f61d92 elementor-widget-divider--view-line elementor-widget elementor-widget-divider\" data-id=\"3f61d92\" data-element_type=\"widget\" data-widget_type=\"divider.default\">\n\t\t\t\t<div class=\"elementor-widget-container\">\n\t\t\t\t\t\t\t<div class=\"elementor-divider\">\n\t\t\t<span class=\"elementor-divider-separator\">\n\t\t\t\t\t\t<\/span>\n\t\t<\/div>\n\t\t\t\t\t\t<\/div>\n\t\t\t\t<\/div>\n\t\t\t\t<div class=\"elementor-element elementor-element-328ada3 elementor-widget elementor-widget-heading\" data-id=\"328ada3\" data-element_type=\"widget\" data-widget_type=\"heading.default\">\n\t\t\t\t<div class=\"elementor-widget-container\">\n\t\t\t\t\t<h5 class=\"elementor-heading-title elementor-size-default\">Soporte continuo y tranquilidad<\/h5>\t\t\t\t<\/div>\n\t\t\t\t<\/div>\n\t\t\t\t<div class=\"elementor-element elementor-element-07f38a2 elementor-widget elementor-widget-text-editor\" data-id=\"07f38a2\" data-element_type=\"widget\" data-widget_type=\"text-editor.default\">\n\t\t\t\t<div class=\"elementor-widget-container\">\n\t\t\t\t\t\t\t\t\t<ul><li><b><\/b>Renovaciones de residencia y recordatorios de cumplimiento<\/li><li>Asistencia continua de conserjer\u00eda<\/li><li>Referencias confiables para la vida en Colombia<\/li><\/ul>\t\t\t\t\t\t\t\t<\/div>\n\t\t\t\t<\/div>\n\t\t\t\t<\/div>\n\t\t\t\t<\/div>\n\t\t\t\t\t<\/div>\n\t\t\t\t<\/div>\n\t\t\t\t\t<\/div>\n\t\t\t\t<\/div>\n\t\t\t\t<\/div>","protected":false},"excerpt":{"rendered":"<p>Relocation Services Personalized Relocation Planning Private consultation tailored to your goals and lifestyle City and neighborhood recommendations curated for you Clear timelines, guidance, and practical checklists Suburban Single-Family Homes Visa guidance designed around your profile (family, retiree, nomad, expat) Step-by-step support through applications and renewals C\u00e9dula registration and local compliance assistance Home &amp; Neighborhood Guidance [&hellip;]<\/p>","protected":false},"author":2,"featured_media":0,"parent":0,"menu_order":0,"comment_status":"closed","ping_status":"closed","template":"","meta":{"site-sidebar-layout":"no-sidebar","site-content-layout":"page-builder","ast-site-content-layout":"full-width-container","site-content-style":"unboxed","site-sidebar-style":"unboxed","ast-global-header-display":"","ast-banner-title-visibility":"disabled","ast-main-header-display":"","ast-hfb-above-header-display":"","ast-hfb-below-header-display":"","ast-hfb-mobile-header-display":"","site-post-title":"","ast-breadcrumbs-content":"","ast-featured-img":"disabled","footer-sml-layout":"","theme-transparent-header-meta":"enabled","adv-header-id-meta":"","stick-header-meta":"","header-above-stick-meta":"","header-main-stick-meta":"","header-below-stick-meta":"","astra-migrate-meta-layouts":"set","ast-page-background-enabled":"default","ast-page-background-meta":{"desktop":{"background-color":"var(--ast-global-color-4)","background-image":"","background-repeat":"repeat","background-position":"center center","background-size":"auto","background-attachment":"scroll","background-type":"","background-media":"","overlay-type":"","overlay-color":"","overlay-opacity":"","overlay-gradient":""},"tablet":{"background-color":"","background-image":"","background-repeat":"repeat","background-position":"center center","background-size":"auto","background-attachment":"scroll","background-type":"","background-media":"","overlay-type":"","overlay-color":"","overlay-opacity":"","overlay-gradient":""},"mobile":{"background-color":"","background-image":"","background-repeat":"repeat","background-position":"center center","background-size":"auto","background-attachment":"scroll","background-type":"","background-media":"","overlay-type":"","overlay-color":"","overlay-opacity":"","overlay-gradient":""}},"ast-content-background-meta":{"desktop":{"background-color":"var(--ast-global-color-5)","background-image":"","background-repeat":"repeat","background-position":"center center","background-size":"auto","background-attachment":"scroll","background-type":"","background-media":"","overlay-type":"","overlay-color":"","overlay-opacity":"","overlay-gradient":""},"tablet":{"background-color":"var(--ast-global-color-5)","background-image":"","background-repeat":"repeat","background-position":"center center","background-size":"auto","background-attachment":"scroll","background-type":"","background-media":"","overlay-type":"","overlay-color":"","overlay-opacity":"","overlay-gradient":""},"mobile":{"background-color":"var(--ast-global-color-5)","background-image":"","background-repeat":"repeat","background-position":"center center","background-size":"auto","background-attachment":"scroll","background-type":"","background-media":"","overlay-type":"","overlay-color":"","overlay-opacity":"","overlay-gradient":""}},"_joinchat":[],"footnotes":""},"class_list":["post-1148","page","type-page","status-publish","hentry"],"_links":{"self":[{"href":"https:\/\/colombiarelocate.com\/es\/wp-json\/wp\/v2\/pages\/1148","targetHints":{"allow":["GET"]}}],"collection":[{"href":"https:\/\/colombiarelocate.com\/es\/wp-json\/wp\/v2\/pages"}],"about":[{"href":"https:\/\/colombiarelocate.com\/es\/wp-json\/wp\/v2\/types\/page"}],"author":[{"embeddable":true,"href":"https:\/\/colombiarelocate.com\/es\/wp-json\/wp\/v2\/users\/2"}],"replies":[{"embeddable":true,"href":"https:\/\/colombiarelocate.com\/es\/wp-json\/wp\/v2\/comments?post=1148"}],"version-history":[{"count":28,"href":"https:\/\/colombiarelocate.com\/es\/wp-json\/wp\/v2\/pages\/1148\/revisions"}],"predecessor-version":[{"id":1708,"href":"https:\/\/colombiarelocate.com\/es\/wp-json\/wp\/v2\/pages\/1148\/revisions\/1708"}],"wp:attachment":[{"href":"https:\/\/colombiarelocate.com\/es\/wp-json\/wp\/v2\/media?parent=1148"}],"curies":[{"name":"wp","href":"https:\/\/api.w.org\/{rel}","templated":true}]}}